{"id":4559,"date":"2024-06-20T19:46:53","date_gmt":"2024-06-20T19:46:53","guid":{"rendered":"https:\/\/cozummobilya.com.tr\/yemek-odasi-takimi-monza\/"},"modified":"2024-07-06T23:49:58","modified_gmt":"2024-07-06T23:49:58","slug":"esszimmer-set-monza","status":"publish","type":"product","link":"https:\/\/cozummobilya.com.tr\/de\/esszimmer-set-monza\/","title":{"rendered":"Esszimmer-Set &#8211; Monza"},"content":{"rendered":"<h2><span style=\"color: #000000;\">Esszimmer-Set \u2013 Monza: Stil und Komfort f\u00fcr Ihre Esstische<\/span><\/h2>\n<p><span style=\"color: #000000;\">Bei \u00c7\u00f6z\u00fcm Mobilya versch\u00f6nern wir Ihre Wohnr\u00e4ume mit unserem breiten Produktsortiment. Wir sind stolz darauf, als das Gesch\u00e4ft mit der gr\u00f6\u00dften Produktauswahl in unserer Region bekannt zu sein. Auf unserer E-Commerce-Website bieten wir Ihnen das &#8218;Esszimmer-Set \u2013 Monza&#8216;, das Stil und Komfort f\u00fcr Ihre Esstische vereint.<\/span><\/p>\n<h3><span style=\"color: #000000;\">Lernen Sie das Monza Esszimmer-Set kennen<\/span><\/h3>\n<p><span style=\"color: #000000;\">Das Monza Esszimmer-Set erneuert Ihren Essbereich mit seinem modernen und eleganten Design. Hergestellt aus hochwertigen Materialien bietet Monza eine \u00e4sthetische Optik und langlebige Nutzung.<\/span><\/p>\n<h3><span style=\"color: #000000;\">Eigenschaften:<\/span><\/h3>\n<ul>\n<li><span style=\"color: #000000;\">Modernes und elegantes Design: Monza verleiht Ihrem Esszimmer mit seinem stilvollen und zeitgen\u00f6ssischen Design eine anspruchsvolle Atmosph\u00e4re.<\/span><\/li>\n<li><span style=\"color: #000000;\">Hochwertige Materialien: Hergestellt aus strapazierf\u00e4higen und hochwertigen Materialien, beh\u00e4lt es seine Stabilit\u00e4t \u00fcber viele Jahre hinweg.<\/span><\/li>\n<li><span style=\"color: #000000;\">Gro\u00dfer Tisch: Mit seiner gro\u00dfz\u00fcgigen Tischoberfl\u00e4che bietet es Ihnen und Ihren G\u00e4sten einen komfortablen Essbereich.<\/span><\/li>\n<li><span style=\"color: #000000;\">Ergonomische St\u00fchle: Komfortable und ergonomische St\u00fchle bieten idealen Halt f\u00fcr l\u00e4ngere Sitzungen.<\/span><\/li>\n<li><span style=\"color: #000000;\">Funktionale Aufbewahrung: Mit eleganten Konsolen und Vitrinen k\u00f6nnen Sie Ihr Esszimmer-Set und dekorative Gegenst\u00e4nde ordentlich aufbewahren.<\/span><\/li>\n<\/ul>\n<h3><span style=\"color: #000000;\">Lieferung in ganz Europa<\/span><\/h3>\n<p><span style=\"color: #000000;\">Wir liefern unsere M\u00f6bel nicht nur innerhalb der T\u00fcrkei, sondern auch in alle europ\u00e4ischen L\u00e4nder mit T\u00fcr-zu-T\u00fcr-Lieferung. Das Monza Esszimmer-Set, das Ihre Wohnr\u00e4ume erg\u00e4nzt, ist nur einen Anruf entfernt, egal wo Sie sich in Europa befinden.<\/span><\/p>\n<h3><span style=\"color: #000000;\">Informationen und Bestellung<\/span><\/h3>\n<p><span style=\"color: #000000;\">F\u00fcr weitere Informationen \u00fcber das Monza Esszimmer-Set und um eine Bestellung aufzugeben, kontaktieren Sie uns \u00fcber unsere Whatsapp-Informationen und Verkaufshotline:<\/span><\/p>\n<p><span style=\"color: #000000;\">Whatsapp Information und Verkauf: 0537 776 53 83<\/span><br \/>\n<span style=\"color: #000000;\">Technischer Support: 0850 242 1135<\/span><\/p>\n<h3><span style=\"color: #000000;\">Besuchen Sie uns<\/span><\/h3>\n<p><span style=\"color: #000000;\">Wenn Sie unsere Filiale besuchen und das Monza Esszimmer-Set pers\u00f6nlich kennenlernen m\u00f6chten, laden wir Sie herzlich ein:<\/span><\/p>\n<p><span style=\"color: #000000;\">Adresse: O\u011flananas\u0131 Atat\u00fcrk Mah. Saim \u00c7\u0131kr\u0131kc\u0131 Cad. Nr. 25, 35479 K\u0131s\u0131kk\u00f6y M\u00f6bel Stadt Menderes\/\u0130zmir<\/span><\/p>\n<p><span style=\"color: #000000;\">\u00c7\u00f6z\u00fcm Mobilya steht Ihnen zur Seite, um Ihr Zuhause zu versch\u00f6nern und Ihrem Essbereich Komfort zu bieten. Heben Sie mit dem Monza Esszimmer-Set Ihr Esserlebnis auf ein h\u00f6heres Niveau und beeindrucken Sie Ihre G\u00e4ste!<\/span><\/p>\n","protected":false},"excerpt":{"rendered":"<p>Esszimmer-Set \u2013 Monza: Stil und Komfort f\u00fcr Ihre Esstische Bei \u00c7\u00f6z\u00fcm Mobilya versch\u00f6nern wir Ihre Wohnr\u00e4ume mit unserem breiten Produktsortiment.<\/p>\n","protected":false},"featured_media":3975,"comment_status":"open","ping_status":"closed","template":"","meta":[],"product_brand":[],"product_cat":[103],"product_tag":[],"class_list":{"0":"post-4559","1":"product","2":"type-product","3":"status-publish","4":"has-post-thumbnail","6":"product_cat-esszimmergarnituren","8":"first","9":"instock","10":"product-type-simple"},"aioseo_notices":[],"_links":{"self":[{"href":"https:\/\/cozummobilya.com.tr\/de\/wp-json\/wp\/v2\/product\/4559","targetHints":{"allow":["GET"]}}],"collection":[{"href":"https:\/\/cozummobilya.com.tr\/de\/wp-json\/wp\/v2\/product"}],"about":[{"href":"https:\/\/cozummobilya.com.tr\/de\/wp-json\/wp\/v2\/types\/product"}],"replies":[{"embeddable":true,"href":"https:\/\/cozummobilya.com.tr\/de\/wp-json\/wp\/v2\/comments?post=4559"}],"version-history":[{"count":0,"href":"https:\/\/cozummobilya.com.tr\/de\/wp-json\/wp\/v2\/product\/4559\/revisions"}],"wp:featuredmedia":[{"embeddable":true,"href":"https:\/\/cozummobilya.com.tr\/de\/wp-json\/wp\/v2\/media\/3975"}],"wp:attachment":[{"href":"https:\/\/cozummobilya.com.tr\/de\/wp-json\/wp\/v2\/media?parent=4559"}],"wp:term":[{"taxonomy":"product_brand","embeddable":true,"href":"https:\/\/cozummobilya.com.tr\/de\/wp-json\/wp\/v2\/product_brand?post=4559"},{"taxonomy":"product_cat","embeddable":true,"href":"https:\/\/cozummobilya.com.tr\/de\/wp-json\/wp\/v2\/product_cat?post=4559"},{"taxonomy":"product_tag","embeddable":true,"href":"https:\/\/cozummobilya.com.tr\/de\/wp-json\/wp\/v2\/product_tag?post=4559"}],"curies":[{"name":"wp","href":"https:\/\/api.w.org\/{rel}","templated":true}]}}