{"id":4702,"date":"2023-04-21T14:20:59","date_gmt":"2023-04-21T14:20:59","guid":{"rendered":"https:\/\/cozummobilya.com.tr\/yemek-odasi-takimi-time\/"},"modified":"2024-07-07T18:13:42","modified_gmt":"2024-07-07T18:13:42","slug":"speisesaal-set-time","status":"publish","type":"product","link":"https:\/\/cozummobilya.com.tr\/de\/speisesaal-set-time\/","title":{"rendered":"Speisesaal-Set &#8211; Time"},"content":{"rendered":"<h2>Solution M\u00f6bel Pionier in Qualit\u00e4t und \u00c4sthetik<\/h2>\n<p>Hallo! Als \u00c7\u00f6z\u00fcm Furniture stehen wir Ihnen mit der gr\u00f6\u00dften Produktpalette in der M\u00f6belstadt K\u0131s\u0131k Dorf zur Verf\u00fcgung. &#8222;Dining Room Set &#8211; Time&#8220;, eines unserer vorgestellten Produkte auf unserer Website, zieht die Aufmerksamkeit mit seiner \u00fcberlegenen Qualit\u00e4t und stilvollem Design auf sich. Jedes unserer Produkte wird mit einer Garantie auf Haltbarkeit und Lebensdauer angeboten.<\/p>\n<h3>Warum sollten Sie \u00c7\u00f6z\u00fcm M\u00f6bel bevorzugen?<\/h3>\n<ul>\n<li>Die Qualit\u00e4t: Unsere Produkte werden aus sorgf\u00e4ltig ausgew\u00e4hlten Materialien hergestellt und bieten eine lange Nutzungsdauer.<\/li>\n<li>\u00c4sthetisches Design: Das Dining Room Set &#8211; Time wertet Ihren Wohnraum durch sein modernes und stilvolles Design auf.<\/li>\n<li>Garantie: Alle unsere Produkte sind f\u00fcr 2 Jahre garantiert, Sie k\u00f6nnen mit Vertrauen einkaufen.<\/li>\n<li>Lieferung nach Europa: Wir bieten eine Lieferung in alle europ\u00e4ischen L\u00e4nder an.<\/li>\n<\/ul>\n<h3>Kontaktieren Sie uns!<\/h3>\n<p>Rufen Sie uns an oder besuchen Sie unsere Website, um die f\u00fcr Sie ideale Einrichtungsl\u00f6sung zu finden. Sie erreichen uns schnell \u00fcber unsere Whatsapp-Informations- und Verkaufsleitung: 0537 776 53 83. F\u00fcr technische Unterst\u00fctzung k\u00f6nnen Sie uns auch unter 0850 242 1135 erreichen.<\/p>\n<p>Unsere Adresse O\u011flananas\u0131 Atat\u00fcrk Mah. Saim \u00c7\u0131kr\u0131kc\u0131 Cad. No:25, 35479 K\u0131s\u0131kk\u00f6y M\u00f6belstadt Menderes\/\u0130zmir<\/p>\n<p>W\u00e4hlen Sie \u00c7\u00f6z\u00fcm Furniture f\u00fcr qualitativ hochwertige und stilvolle M\u00f6bell\u00f6sungen, gestalten Sie Ihre Wohnr\u00e4ume individuell!<\/p>\n","protected":false},"excerpt":{"rendered":"<p>Solution M\u00f6bel Pionier in Qualit\u00e4t und \u00c4sthetik Hallo! Als \u00c7\u00f6z\u00fcm Furniture stehen wir Ihnen mit der gr\u00f6\u00dften Produktpalette in der<\/p>\n","protected":false},"featured_media":3755,"comment_status":"open","ping_status":"closed","template":"","meta":[],"product_brand":[],"product_cat":[103],"product_tag":[],"class_list":{"0":"post-4702","1":"product","2":"type-product","3":"status-publish","4":"has-post-thumbnail","6":"product_cat-esszimmergarnituren","8":"first","9":"instock","10":"taxable","11":"shipping-taxable","12":"product-type-simple"},"aioseo_notices":[],"_links":{"self":[{"href":"https:\/\/cozummobilya.com.tr\/de\/wp-json\/wp\/v2\/product\/4702","targetHints":{"allow":["GET"]}}],"collection":[{"href":"https:\/\/cozummobilya.com.tr\/de\/wp-json\/wp\/v2\/product"}],"about":[{"href":"https:\/\/cozummobilya.com.tr\/de\/wp-json\/wp\/v2\/types\/product"}],"replies":[{"embeddable":true,"href":"https:\/\/cozummobilya.com.tr\/de\/wp-json\/wp\/v2\/comments?post=4702"}],"version-history":[{"count":0,"href":"https:\/\/cozummobilya.com.tr\/de\/wp-json\/wp\/v2\/product\/4702\/revisions"}],"wp:featuredmedia":[{"embeddable":true,"href":"https:\/\/cozummobilya.com.tr\/de\/wp-json\/wp\/v2\/media\/3755"}],"wp:attachment":[{"href":"https:\/\/cozummobilya.com.tr\/de\/wp-json\/wp\/v2\/media?parent=4702"}],"wp:term":[{"taxonomy":"product_brand","embeddable":true,"href":"https:\/\/cozummobilya.com.tr\/de\/wp-json\/wp\/v2\/product_brand?post=4702"},{"taxonomy":"product_cat","embeddable":true,"href":"https:\/\/cozummobilya.com.tr\/de\/wp-json\/wp\/v2\/product_cat?post=4702"},{"taxonomy":"product_tag","embeddable":true,"href":"https:\/\/cozummobilya.com.tr\/de\/wp-json\/wp\/v2\/product_tag?post=4702"}],"curies":[{"name":"wp","href":"https:\/\/api.w.org\/{rel}","templated":true}]}}