{"id":4716,"date":"2023-04-21T14:13:21","date_gmt":"2023-04-21T14:13:21","guid":{"rendered":"https:\/\/cozummobilya.com.tr\/kose-takimi-etro\/"},"modified":"2024-07-07T21:31:27","modified_gmt":"2024-07-07T21:31:27","slug":"eckensatz-etro","status":"publish","type":"product","link":"https:\/\/cozummobilya.com.tr\/de\/eckensatz-etro\/","title":{"rendered":"Eckensatz &#8211; Etro"},"content":{"rendered":"<h2>Eckgarnitur, die Eleganz und Komfort vereint &#8211; Etro<\/h2>\n<p>Als \u00c7\u00f6z\u00fcm Furniture bieten wir Ihnen das Etro Eckset an, um Ihr Zuhause aufzuwerten. Dieses Set wird mit hochwertigen Materialien und sorgf\u00e4ltiger Verarbeitung hergestellt. Das Etro Corner Set, das sich durch seine robuste Struktur und sein \u00e4sthetisches Design auszeichnet, ist sowohl ein Blickfang als auch eine komfortable Option.<\/p>\n<h3>T\u00fcrlieferung nach Europa<\/h3>\n<p>Als \u00c7\u00f6z\u00fcm Furniture, nicht nur in der T\u00fcrkei, k\u00f6nnen wir Ihre M\u00f6bel in alle europ\u00e4ischen L\u00e4nder in Form von T\u00fcrlieferungen versenden. Unsere Expertenteams stehen Ihnen zur Verf\u00fcgung, um eine sichere und p\u00fcnktliche Lieferung Ihrer Produkte zu gew\u00e4hrleisten.<\/p>\n<h3>Kontakt und Unterst\u00fctzung<\/h3>\n<p>Wie k\u00f6nnen wir Ihnen helfen? F\u00fcr die Kommunikation k\u00f6nnen Sie unsere Whatsapp-Informations- und Verkaufshotline (0537 776 53 83) oder unsere technische Supportline (0850 242 1135) anrufen. Wenn Sie unser Gesch\u00e4ft besuchen m\u00f6chten, lautet unsere Adresse: O\u011flananas\u0131 Atat\u00fcrk Mah. Saim \u00c7\u0131kr\u0131kc\u0131 Cad. No:25, 35479 K\u0131s\u0131k village Furniture City Menderes\/\u0130zmir.<\/p>\n","protected":false},"excerpt":{"rendered":"<p>Als \u00c7\u00f6z\u00fcm Furniture bieten wir Ihnen das Etro Eckset an, um Ihr Zuhause aufzuwerten. Dieses Set wird mit hochwertigen Materialien und sorgf\u00e4ltiger Verarbeitung hergestellt. Das Etro Corner Set, das sich durch seine robuste Struktur und sein \u00e4sthetisches Design auszeichnet, ist sowohl ein Blickfang als auch eine komfortable Option.<\/p>\n","protected":false},"featured_media":3893,"comment_status":"open","ping_status":"closed","template":"","meta":[],"product_brand":[],"product_cat":[100],"product_tag":[],"class_list":{"0":"post-4716","1":"product","2":"type-product","3":"status-publish","4":"has-post-thumbnail","6":"product_cat-sofagarnituren","8":"first","9":"instock","10":"taxable","11":"shipping-taxable","12":"product-type-simple"},"aioseo_notices":[],"_links":{"self":[{"href":"https:\/\/cozummobilya.com.tr\/de\/wp-json\/wp\/v2\/product\/4716","targetHints":{"allow":["GET"]}}],"collection":[{"href":"https:\/\/cozummobilya.com.tr\/de\/wp-json\/wp\/v2\/product"}],"about":[{"href":"https:\/\/cozummobilya.com.tr\/de\/wp-json\/wp\/v2\/types\/product"}],"replies":[{"embeddable":true,"href":"https:\/\/cozummobilya.com.tr\/de\/wp-json\/wp\/v2\/comments?post=4716"}],"version-history":[{"count":0,"href":"https:\/\/cozummobilya.com.tr\/de\/wp-json\/wp\/v2\/product\/4716\/revisions"}],"wp:featuredmedia":[{"embeddable":true,"href":"https:\/\/cozummobilya.com.tr\/de\/wp-json\/wp\/v2\/media\/3893"}],"wp:attachment":[{"href":"https:\/\/cozummobilya.com.tr\/de\/wp-json\/wp\/v2\/media?parent=4716"}],"wp:term":[{"taxonomy":"product_brand","embeddable":true,"href":"https:\/\/cozummobilya.com.tr\/de\/wp-json\/wp\/v2\/product_brand?post=4716"},{"taxonomy":"product_cat","embeddable":true,"href":"https:\/\/cozummobilya.com.tr\/de\/wp-json\/wp\/v2\/product_cat?post=4716"},{"taxonomy":"product_tag","embeddable":true,"href":"https:\/\/cozummobilya.com.tr\/de\/wp-json\/wp\/v2\/product_tag?post=4716"}],"curies":[{"name":"wp","href":"https:\/\/api.w.org\/{rel}","templated":true}]}}