{"id":4742,"date":"2023-04-21T13:44:31","date_gmt":"2023-04-21T13:44:31","guid":{"rendered":"https:\/\/cozummobilya.com.tr\/tv-unitesi-lemans\/"},"modified":"2024-07-07T22:07:29","modified_gmt":"2024-07-07T22:07:29","slug":"tv-einheit-lemans","status":"publish","type":"product","link":"https:\/\/cozummobilya.com.tr\/de\/tv-einheit-lemans\/","title":{"rendered":"Tv-Einheit &#8211; Le Mans"},"content":{"rendered":"<h2>Tv-Einheit &#8211; Lemans: Bietet Eleganz und Funktionalit\u00e4t zugleich<\/h2>\n<p>Tv-Einheit &#8211; Le mans, eines der herausragenden Produkte von \u00c7\u00f6z\u00fcm Furniture, hat ein \u00e4sthetisches Design, das den Anforderungen des modernen Lebens entspricht. Dieses Ger\u00e4t, das sich sowohl an die Dekoration Ihres Wohnzimmers anpasst als auch einfach zu bedienen ist, wird auch f\u00fcr seine Funktionalit\u00e4t gesch\u00e4tzt.<\/p>\n<h3>Hochwertiges Material und Langlebigkeit<\/h3>\n<p>Das Tv-Einheit &#8211; Le mans ist aus hochwertigen Materialien gefertigt und verspricht eine lange Nutzungsdauer. Dank des sorgf\u00e4ltigen Produktionsprozesses von \u00c7\u00f6z\u00fcm Furniture kann dieses bis ins Detail durchdachte M\u00f6belst\u00fcck mit seiner robusten Struktur \u00fcberzeugen und hat eine Garantie von 2 Jahren.<\/p>\n<h3>T\u00fcrlieferung nach Europa<\/h3>\n<p>Als \u00c7\u00f6z\u00fcm Furniture bieten wir eine schnelle und zuverl\u00e4ssige M\u00f6bellieferung in ganz Europa. Sie geben Ihre Bestellung auf, wir liefern Tv-Einheit &#8211; Le mans an Ihre Adresse.<\/p>\n<h4>Kontakt und Unterst\u00fctzung<\/h4>\n<p>Kundenzufriedenheit ist f\u00fcr uns wichtig. Sie k\u00f6nnen mehr Informationen erhalten, indem Sie unsere Whatsapp Informations- und Verkaufslinie (0537 776 53 83) oder unsere technische Supportlinie (0850 242 1135) anrufen oder unser Gesch\u00e4ft besuchen. Unsere Adresse O\u011flananas\u0131 Atat\u00fcrk Mah. Saim \u00c7\u0131kr\u0131kc\u0131 Cad. No:25, 35479 K\u0131s\u0131k Dorf M\u00f6belstadt Menderes \/ Izmir.<\/p>\n<p>Genie\u00dfen Sie Eleganz und Qualit\u00e4t mit Solution Furniture!<\/p>\n","protected":false},"excerpt":{"rendered":"<p>Tv-Einheit &#8211; Lemans, eines der herausragenden Produkte von \u00c7\u00f6z\u00fcm Furniture, hat ein \u00e4sthetisches Design, das den Anforderungen des modernen Lebens entspricht. Dieses Ger\u00e4t, das sich sowohl an die Dekoration Ihres Wohnzimmers anpasst als auch einfach zu bedienen ist, wird auch f\u00fcr seine Funktionalit\u00e4t gesch\u00e4tzt.<\/p>\n","protected":false},"featured_media":3929,"comment_status":"open","ping_status":"closed","template":"","meta":[],"product_brand":[],"product_cat":[102],"product_tag":[],"class_list":{"0":"post-4742","1":"product","2":"type-product","3":"status-publish","4":"has-post-thumbnail","6":"product_cat-tv-einheiten","8":"first","9":"instock","10":"taxable","11":"shipping-taxable","12":"product-type-simple"},"aioseo_notices":[],"_links":{"self":[{"href":"https:\/\/cozummobilya.com.tr\/de\/wp-json\/wp\/v2\/product\/4742","targetHints":{"allow":["GET"]}}],"collection":[{"href":"https:\/\/cozummobilya.com.tr\/de\/wp-json\/wp\/v2\/product"}],"about":[{"href":"https:\/\/cozummobilya.com.tr\/de\/wp-json\/wp\/v2\/types\/product"}],"replies":[{"embeddable":true,"href":"https:\/\/cozummobilya.com.tr\/de\/wp-json\/wp\/v2\/comments?post=4742"}],"version-history":[{"count":0,"href":"https:\/\/cozummobilya.com.tr\/de\/wp-json\/wp\/v2\/product\/4742\/revisions"}],"wp:featuredmedia":[{"embeddable":true,"href":"https:\/\/cozummobilya.com.tr\/de\/wp-json\/wp\/v2\/media\/3929"}],"wp:attachment":[{"href":"https:\/\/cozummobilya.com.tr\/de\/wp-json\/wp\/v2\/media?parent=4742"}],"wp:term":[{"taxonomy":"product_brand","embeddable":true,"href":"https:\/\/cozummobilya.com.tr\/de\/wp-json\/wp\/v2\/product_brand?post=4742"},{"taxonomy":"product_cat","embeddable":true,"href":"https:\/\/cozummobilya.com.tr\/de\/wp-json\/wp\/v2\/product_cat?post=4742"},{"taxonomy":"product_tag","embeddable":true,"href":"https:\/\/cozummobilya.com.tr\/de\/wp-json\/wp\/v2\/product_tag?post=4742"}],"curies":[{"name":"wp","href":"https:\/\/api.w.org\/{rel}","templated":true}]}}