{"id":4754,"date":"2023-04-21T11:21:40","date_gmt":"2023-04-21T11:21:40","guid":{"rendered":"https:\/\/cozummobilya.com.tr\/tv-unitesi-puffy\/"},"modified":"2024-07-07T22:22:34","modified_gmt":"2024-07-07T22:22:34","slug":"tv-einheit-puffy","status":"publish","type":"product","link":"https:\/\/cozummobilya.com.tr\/de\/tv-einheit-puffy\/","title":{"rendered":"Tv-Einheit &#8211; Puffy"},"content":{"rendered":"<h2>TV-Einheit &#8211; Puffy: Bietet Eleganz und Funktionalit\u00e4t zugleich<\/h2>\n<p>TV-Einheit &#8211; Puffy, eines der herausragenden Produkte von \u00c7\u00f6z\u00fcm Furniture, ist eine ideale Wahl f\u00fcr moderne Wohnr\u00e4ume. Dieses M\u00f6belst\u00fcck, das durch sein elegantes Design besticht, bewahrt Ihren Fernseher geordnet auf und ist gleichzeitig ein \u00e4sthetischer Beitrag zu Ihrem Raum.<\/p>\n<h3>Qualit\u00e4tsmaterial und -garantie<\/h3>\n<p>\u00c7\u00f6z\u00fcm Furniture stellt seine Produkte wie das TV-Einheit &#8211; Puffy mit den hochwertigsten Materialien her. Auf dieses M\u00f6belst\u00fcck, das durch seine robuste Struktur und sein stilvolles Design auff\u00e4llt, gew\u00e4hren wir eine Garantie von 2 Jahren. Auf diese Weise bieten wir unseren Kunden lang anhaltenden Nutzen und Vertrauen.<\/p>\n<h3>T\u00fcrlieferung nach Europa<\/h3>\n<p>Als \u00c7\u00f6z\u00fcm Furniture verschicken wir M\u00f6bel schnell und zuverl\u00e4ssig nach ganz Europa. Sie geben Ihre Bestellung auf, wir liefern das TV-Einheit &#8211; Puffy an Ihre Adresse.<\/p>\n<h4>Kontakt und Unterst\u00fctzung<\/h4>\n<p>Kundenzufriedenheit ist f\u00fcr uns wichtig. Weitere Informationen erhalten Sie \u00fcber unsere Whatsapp-Informations- und Vertriebshotline (0537 776 53 83) oder unsere technische Supporthotline (0850 242 1135) oder bei einem Besuch in unserem Gesch\u00e4ft. Die Adresse unseres Gesch\u00e4fts O\u011flananas\u0131 Atat\u00fcrk Mah. Saim \u00c7\u0131kr\u0131kc\u0131 Cad. No:25, 35479 K\u0131s\u0131k Dorf M\u00f6belstadt Menderes \/ Izmir.<\/p>\n<p>Genie\u00dfen Sie Modernit\u00e4t und Qualit\u00e4t mit Solution Furniture!<\/p>\n","protected":false},"excerpt":{"rendered":"<p>TV-Einheit &#8211; Puffy, eines der herausragenden Produkte von \u00c7\u00f6z\u00fcm Furniture, ist eine ideale Wahl f\u00fcr moderne Wohnr\u00e4ume. Dieses M\u00f6belst\u00fcck, das durch sein elegantes Design besticht, bewahrt Ihren Fernseher geordnet auf und ist gleichzeitig ein \u00e4sthetischer Beitrag zu Ihrem Raum.<\/p>\n","protected":false},"featured_media":3946,"comment_status":"open","ping_status":"closed","template":"","meta":[],"product_brand":[],"product_cat":[102],"product_tag":[],"class_list":{"0":"post-4754","1":"product","2":"type-product","3":"status-publish","4":"has-post-thumbnail","6":"product_cat-tv-einheiten","8":"first","9":"instock","10":"taxable","11":"shipping-taxable","12":"product-type-simple"},"aioseo_notices":[],"_links":{"self":[{"href":"https:\/\/cozummobilya.com.tr\/de\/wp-json\/wp\/v2\/product\/4754","targetHints":{"allow":["GET"]}}],"collection":[{"href":"https:\/\/cozummobilya.com.tr\/de\/wp-json\/wp\/v2\/product"}],"about":[{"href":"https:\/\/cozummobilya.com.tr\/de\/wp-json\/wp\/v2\/types\/product"}],"replies":[{"embeddable":true,"href":"https:\/\/cozummobilya.com.tr\/de\/wp-json\/wp\/v2\/comments?post=4754"}],"version-history":[{"count":0,"href":"https:\/\/cozummobilya.com.tr\/de\/wp-json\/wp\/v2\/product\/4754\/revisions"}],"wp:featuredmedia":[{"embeddable":true,"href":"https:\/\/cozummobilya.com.tr\/de\/wp-json\/wp\/v2\/media\/3946"}],"wp:attachment":[{"href":"https:\/\/cozummobilya.com.tr\/de\/wp-json\/wp\/v2\/media?parent=4754"}],"wp:term":[{"taxonomy":"product_brand","embeddable":true,"href":"https:\/\/cozummobilya.com.tr\/de\/wp-json\/wp\/v2\/product_brand?post=4754"},{"taxonomy":"product_cat","embeddable":true,"href":"https:\/\/cozummobilya.com.tr\/de\/wp-json\/wp\/v2\/product_cat?post=4754"},{"taxonomy":"product_tag","embeddable":true,"href":"https:\/\/cozummobilya.com.tr\/de\/wp-json\/wp\/v2\/product_tag?post=4754"}],"curies":[{"name":"wp","href":"https:\/\/api.w.org\/{rel}","templated":true}]}}