{"id":5033,"date":"2024-07-22T14:07:57","date_gmt":"2024-07-22T14:07:57","guid":{"rendered":"https:\/\/cozummobilya.com.tr\/?post_type=product&#038;p=5033"},"modified":"2024-10-05T21:13:26","modified_gmt":"2024-10-05T21:13:26","slug":"yatak-odasi-takimi-lapis","status":"publish","type":"product","link":"https:\/\/cozummobilya.com.tr\/de\/yatak-odasi-takimi-lapis\/","title":{"rendered":"Yatak Odas\u0131 Tak\u0131m\u0131 &#8211; Lapis"},"content":{"rendered":"<h2><strong>Yatak Odas\u0131 Tak\u0131m\u0131 &#8211; Lapis ile Evinizi Yenileyin!<\/strong><\/h2>\n<p>\u00c7\u00f6z\u00fcm Mobilya olarak K\u0131s\u0131kk\u00f6y Mobilya \u015eehri&#8217;nde en fazla \u00fcr\u00fcn sergileyen ma\u011faza olmaktan gurur duyuyoruz. \u015eimdi, sizlere en yeni ve \u015f\u0131k yatak odas\u0131 tak\u0131mlar\u0131m\u0131zdan biri olan &#8222;Yatak Odas\u0131 Tak\u0131m\u0131 &#8211; Lapis&#8220;i tan\u0131tmak istiyoruz.<\/p>\n<p> <strong>Kalite ve Dayan\u0131kl\u0131l\u0131k:<\/strong> Yatak Odas\u0131 Tak\u0131m\u0131 &#8211; Lapis, en y\u00fcksek kalite standartlar\u0131nda \u00fcretilmi\u015ftir ve uzun y\u0131llar boyunca sa\u011flaml\u0131\u011f\u0131n\u0131 koruyacakt\u0131r. 2 y\u0131l garanti ile sizlere sunulmaktad\u0131r.<\/p>\n<p> <strong>Harika Tasar\u0131m:<\/strong> Modern ve \u015f\u0131k tasar\u0131m\u0131yla evinizin atmosferini tamamen de\u011fi\u015ftirecek. Her detay\u0131 \u00f6zenle d\u00fc\u015f\u00fcn\u00fclm\u00fc\u015f bu tak\u0131m, yatak odan\u0131zda l\u00fcks ve konforu bir arada sunar.<\/p>\n<p> <strong>Avrupa\u2019ya Kap\u0131 Teslimat\u0131:<\/strong> T\u00fcm Avrupa \u00fclkelerine kap\u0131 teslimat\u0131 hizmetimizle, nerede olursan\u0131z olun mobilyalar\u0131m\u0131z\u0131 g\u00fcvenle sipari\u015f edebilirsiniz.<\/p>\n<h2><strong>Detayl\u0131 bilgi ve sipari\u015f i\u00e7in:<\/strong><\/h2>\n<ul>\n<li><strong>WhatsApp Bilgi ve Sat\u0131\u015f Hatt\u0131:<\/strong> +90 537 776 53 83<\/li>\n<li><strong>Teknik Destek Hatt\u0131:<\/strong> 0850 242 1135<\/li>\n<li><strong>Adres:<\/strong> O\u011flananas\u0131 Atat\u00fcrk Mah. Saim \u00c7\u0131kr\u0131kc\u0131 Cad. No:25, 35479 K\u0131s\u0131kk\u00f6y Mobilya \u015eehri Menderes\/\u0130zmir<\/li>\n<\/ul>\n<p>\u00c7\u00f6z\u00fcm Mobilya ile evinizin her k\u00f6\u015fesine kaliteyi ve \u015f\u0131kl\u0131\u011f\u0131 ta\u015f\u0131y\u0131n!<\/p>\n","protected":false},"excerpt":{"rendered":"<p>Yatak Odas\u0131 Tak\u0131m\u0131 &#8211; Lapis ile Evinizi Yenileyin! \u00c7\u00f6z\u00fcm Mobilya olarak K\u0131s\u0131kk\u00f6y Mobilya \u015eehri&#8217;nde en fazla \u00fcr\u00fcn sergileyen ma\u011faza olmaktan<\/p>\n","protected":false},"featured_media":5034,"comment_status":"open","ping_status":"closed","template":"","meta":[],"product_brand":[],"product_cat":[22],"product_tag":[],"class_list":{"0":"post-5033","1":"product","2":"type-product","3":"status-publish","4":"has-post-thumbnail","6":"product_cat-yatak-odasi-takimlari","8":"first","9":"instock","10":"taxable","11":"shipping-taxable","12":"product-type-simple"},"aioseo_notices":[],"_links":{"self":[{"href":"https:\/\/cozummobilya.com.tr\/de\/wp-json\/wp\/v2\/product\/5033","targetHints":{"allow":["GET"]}}],"collection":[{"href":"https:\/\/cozummobilya.com.tr\/de\/wp-json\/wp\/v2\/product"}],"about":[{"href":"https:\/\/cozummobilya.com.tr\/de\/wp-json\/wp\/v2\/types\/product"}],"replies":[{"embeddable":true,"href":"https:\/\/cozummobilya.com.tr\/de\/wp-json\/wp\/v2\/comments?post=5033"}],"version-history":[{"count":0,"href":"https:\/\/cozummobilya.com.tr\/de\/wp-json\/wp\/v2\/product\/5033\/revisions"}],"wp:featuredmedia":[{"embeddable":true,"href":"https:\/\/cozummobilya.com.tr\/de\/wp-json\/wp\/v2\/media\/5034"}],"wp:attachment":[{"href":"https:\/\/cozummobilya.com.tr\/de\/wp-json\/wp\/v2\/media?parent=5033"}],"wp:term":[{"taxonomy":"product_brand","embeddable":true,"href":"https:\/\/cozummobilya.com.tr\/de\/wp-json\/wp\/v2\/product_brand?post=5033"},{"taxonomy":"product_cat","embeddable":true,"href":"https:\/\/cozummobilya.com.tr\/de\/wp-json\/wp\/v2\/product_cat?post=5033"},{"taxonomy":"product_tag","embeddable":true,"href":"https:\/\/cozummobilya.com.tr\/de\/wp-json\/wp\/v2\/product_tag?post=5033"}],"curies":[{"name":"wp","href":"https:\/\/api.w.org\/{rel}","templated":true}]}}