{"id":5405,"date":"2024-10-23T10:21:21","date_gmt":"2024-10-23T10:21:21","guid":{"rendered":"https:\/\/cozummobilya.com.tr\/?post_type=product&#038;p=5405"},"modified":"2024-10-23T10:21:22","modified_gmt":"2024-10-23T10:21:22","slug":"kisikkoy-mobilya-tv-unitesi-etro","status":"publish","type":"product","link":"https:\/\/cozummobilya.com.tr\/de\/kisikkoy-mobilya-tv-unitesi-etro\/","title":{"rendered":"Tv \u00dcnitesi &#8211; Etro"},"content":{"rendered":"<h2><span style=\"color: #000000;\">Etro TV \u00dcnitesi ile \u015e\u0131kl\u0131\u011f\u0131 Oturma Odalar\u0131n\u0131za Ta\u015f\u0131y\u0131n<\/span><\/h2>\n<p><span style=\"color: #000000;\">K\u0131s\u0131kk\u00f6y Mobilya \u015eehri\u2019nin en b\u00fcy\u00fck ve en geni\u015f \u00fcr\u00fcn sergileyen ma\u011fazas\u0131 olan <strong>\u00c7\u00f6z\u00fcm Mobilya<\/strong>, 3 katl\u0131 ve <strong>3.000 m\u00b2<\/strong> alan\u0131yla m\u00fc\u015fterilerine kaliteli ve \u015f\u0131k mobilyalar sunmaya devam ediyor. <strong>K\u0131s\u0131kk\u00f6y Mobilya<\/strong> denildi\u011finde akla gelen ilk adres olan ma\u011fazam\u0131zda, modern tasar\u0131m\u0131 ve i\u015flevselli\u011fiyle \u00f6ne \u00e7\u0131kan <strong>Etro TV \u00dcnitesi<\/strong>, evinizin atmosferini de\u011fi\u015ftirecek!<\/span><\/p>\n<h3><span style=\"color: #000000;\">Etro TV \u00dcnitesi&#8217;nin \u00d6zellikleri:<\/span><\/h3>\n<ul>\n<li><span style=\"color: #000000;\"><strong>Kalite ve Dayan\u0131kl\u0131l\u0131k<\/strong>: Sa\u011flam yap\u0131s\u0131yla uzun y\u0131llar g\u00fcvenle kullanabilece\u011finiz Etro TV \u00dcnitesi, evinizin en i\u015flevsel par\u00e7as\u0131 olacak.<\/span><\/li>\n<li><span style=\"color: #000000;\"><strong>2 Y\u0131l Garanti<\/strong>: Her zaman m\u00fc\u015fteri memnuniyetini \u00f6n planda tutarak Etro TV \u00dcnitesi&#8217;ni 2 y\u0131l garanti ile sunuyoruz.<\/span><\/li>\n<li><span style=\"color: #000000;\"><strong>Zarif ve Modern Tasar\u0131m<\/strong>: Minimalist \u00e7izgilerle tasarlanan bu \u00fcnite, farkl\u0131 dekorasyon tarzlar\u0131na uyum sa\u011flayarak oturma odan\u0131za estetik bir dokunu\u015f katar.<\/span><\/li>\n<\/ul>\n<h3><span style=\"color: #000000;\">Avrupa\u2019ya Kap\u0131 Teslimat\u0131<\/span><\/h3>\n<p><span style=\"color: #000000;\">T\u00fcrkiye&#8217;nin her yerinden sipari\u015f kabul etti\u011fimiz gibi, <strong>t\u00fcm Avrupa \u00fclkelerine kap\u0131 teslimat\u0131<\/strong> yap\u0131yoruz. Mobilyalar\u0131n\u0131z g\u00fcvenle adresinize kadar teslim edilir.<\/span><\/p>\n<h3><span style=\"color: #000000;\">\u00c7\u00f6z\u00fcm Mobilya\u2019da Etro TV \u00dcnitesi\u2019ne Sahip Olmak \u00c7ok Kolay!<\/span><\/h3>\n<p><span style=\"color: #000000;\">Evinizi g\u00fczelle\u015ftirmek ve <strong>K\u0131s\u0131kk\u00f6y Mobilya TV \u00dcnitesi<\/strong> ihtiyac\u0131n\u0131z\u0131 kar\u015f\u0131lamak i\u00e7in <strong>\u00c7\u00f6z\u00fcm Mobilya<\/strong>&#8218;y\u0131 ziyaret edin ya da bizimle hemen ileti\u015fime ge\u00e7in.<\/span><\/p>\n<p><span style=\"color: #000000;\"> <strong>Whatsapp Bilgi ve Sat\u0131\u015f Hatt\u0131<\/strong>: +90 537 776 53 83<\/span><br \/>\n<span style=\"color: #000000;\"> <strong>Teknik Destek Hatt\u0131<\/strong>: 0850 242 1135<\/span><br \/>\n<span style=\"color: #000000;\"> <strong>Adres<\/strong>: O\u011flananas\u0131 Atat\u00fcrk Mah. Saim \u00c7\u0131kr\u0131kc\u0131 Cad. No:25, 35479 <strong>K\u0131s\u0131kk\u00f6y Mobilya \u015eehri<\/strong> Menderes\/\u0130zmir<\/span><\/p>\n<p><span style=\"color: #000000;\"><strong>K\u0131s\u0131kk\u00f6y Mobilya<\/strong>&#8217;n\u0131n lider ma\u011fazas\u0131 <strong>\u00c7\u00f6z\u00fcm Mobilya<\/strong> ile \u015f\u0131kl\u0131\u011f\u0131 ve kaliteyi evinize ta\u015f\u0131y\u0131n!<\/span><\/p>\n","protected":false},"excerpt":{"rendered":"<p>Etro TV \u00dcnitesi ile \u015e\u0131kl\u0131\u011f\u0131 Oturma Odalar\u0131n\u0131za Ta\u015f\u0131y\u0131n K\u0131s\u0131kk\u00f6y Mobilya \u015eehri\u2019nin en b\u00fcy\u00fck ve en geni\u015f \u00fcr\u00fcn sergileyen ma\u011fazas\u0131 olan<\/p>\n","protected":false},"featured_media":5406,"comment_status":"open","ping_status":"closed","template":"","meta":[],"product_brand":[],"product_cat":[24],"product_tag":[],"class_list":{"0":"post-5405","1":"product","2":"type-product","3":"status-publish","4":"has-post-thumbnail","6":"product_cat-tv-uniteleri","8":"first","9":"instock","10":"taxable","11":"shipping-taxable","12":"product-type-simple"},"aioseo_notices":[],"_links":{"self":[{"href":"https:\/\/cozummobilya.com.tr\/de\/wp-json\/wp\/v2\/product\/5405","targetHints":{"allow":["GET"]}}],"collection":[{"href":"https:\/\/cozummobilya.com.tr\/de\/wp-json\/wp\/v2\/product"}],"about":[{"href":"https:\/\/cozummobilya.com.tr\/de\/wp-json\/wp\/v2\/types\/product"}],"replies":[{"embeddable":true,"href":"https:\/\/cozummobilya.com.tr\/de\/wp-json\/wp\/v2\/comments?post=5405"}],"version-history":[{"count":0,"href":"https:\/\/cozummobilya.com.tr\/de\/wp-json\/wp\/v2\/product\/5405\/revisions"}],"wp:featuredmedia":[{"embeddable":true,"href":"https:\/\/cozummobilya.com.tr\/de\/wp-json\/wp\/v2\/media\/5406"}],"wp:attachment":[{"href":"https:\/\/cozummobilya.com.tr\/de\/wp-json\/wp\/v2\/media?parent=5405"}],"wp:term":[{"taxonomy":"product_brand","embeddable":true,"href":"https:\/\/cozummobilya.com.tr\/de\/wp-json\/wp\/v2\/product_brand?post=5405"},{"taxonomy":"product_cat","embeddable":true,"href":"https:\/\/cozummobilya.com.tr\/de\/wp-json\/wp\/v2\/product_cat?post=5405"},{"taxonomy":"product_tag","embeddable":true,"href":"https:\/\/cozummobilya.com.tr\/de\/wp-json\/wp\/v2\/product_tag?post=5405"}],"curies":[{"name":"wp","href":"https:\/\/api.w.org\/{rel}","templated":true}]}}