{"id":5422,"date":"2024-10-28T12:45:33","date_gmt":"2024-10-28T12:45:33","guid":{"rendered":"https:\/\/cozummobilya.com.tr\/?post_type=product&#038;p=5422"},"modified":"2024-10-28T12:46:44","modified_gmt":"2024-10-28T12:46:44","slug":"tv-unitesi-milas","status":"publish","type":"product","link":"https:\/\/cozummobilya.com.tr\/de\/tv-unitesi-milas\/","title":{"rendered":"Tv \u00dcnitesi &#8211; Milas"},"content":{"rendered":"<h2><span style=\"color: #000000;\">Milas TV \u00dcnitesi ile Evinize Modern Dokunu\u015f!<\/span><\/h2>\n<p><span style=\"color: #000000;\"><strong>\u00c7\u00f6z\u00fcm Mobilya<\/strong> olarak <strong>K\u0131s\u0131kk\u00f6y Mobilya \u015eehri\u2019nin<\/strong> en b\u00fcy\u00fck ve en geni\u015f \u00fcr\u00fcn yelpazesine sahip ma\u011fazas\u0131nda, <strong>3 katl\u0131 ve 3.000 m\u00b2<\/strong> alanda sizlere hizmet vermekteyiz. K\u0131s\u0131kk\u00f6y Mobilya&#8217;da kalitenin ve \u015f\u0131kl\u0131\u011f\u0131n bulu\u015ftu\u011fu \u00fcr\u00fcnlerimiz aras\u0131nda \u00f6ne \u00e7\u0131kan <strong>Milas TV \u00dcnitesi<\/strong>, oturma odalar\u0131n\u0131za modern bir hava katacak.<\/span><\/p>\n<h3><span style=\"color: #000000;\">Milas TV \u00dcnitesi&#8217;nin \u00d6ne \u00c7\u0131kan \u00d6zellikleri:<\/span><\/h3>\n<ul>\n<li><span style=\"color: #000000;\"><strong>Kalite ve Dayan\u0131kl\u0131l\u0131k<\/strong>: Sa\u011flam yap\u0131s\u0131 sayesinde uzun \u00f6m\u00fcrl\u00fc kullan\u0131m sa\u011flar. \u00dcr\u00fcnlerimizin tamam\u0131 gibi Milas TV \u00dcnitesi de <strong>2 y\u0131l garantilidir<\/strong>.<\/span><\/li>\n<li><span style=\"color: #000000;\"><strong>Modern Tasar\u0131m<\/strong>: Estetik detaylarla tasarlanan bu \u00fcnite, ya\u015fam alanlar\u0131n\u0131za \u015f\u0131kl\u0131k katarken ayn\u0131 zamanda fonksiyonel bir depolama alan\u0131 sunar.<\/span><\/li>\n<li><span style=\"color: #000000;\"><strong>T\u00fcm Avrupa\u2019ya Kap\u0131 Teslimat\u0131<\/strong>: \u00c7\u00f6z\u00fcm Mobilya olarak yaln\u0131zca T\u00fcrkiye\u2019de de\u011fil, <strong>t\u00fcm Avrupa \u00fclkelerine mobilya g\u00f6nderimi<\/strong> sa\u011fl\u0131yoruz. \u00dcr\u00fcn\u00fcn\u00fcz\u00fc evinize kadar g\u00fcvenle teslim ediyoruz.<\/span><\/li>\n<\/ul>\n<h3><span style=\"color: #000000;\">Neden \u00c7\u00f6z\u00fcm Mobilya?<\/span><\/h3>\n<ul>\n<li><span style=\"color: #000000;\"><strong>K\u0131s\u0131kk\u00f6y Mobilya \u015eehri\u2019nin<\/strong> en b\u00fcy\u00fck ma\u011fazas\u0131nda, geni\u015f \u00fcr\u00fcn se\u00e7enekleriyle arad\u0131\u011f\u0131n\u0131z her \u015feyi bulabilirsiniz.<\/span><\/li>\n<li><span style=\"color: #000000;\"><strong>K\u0131s\u0131kk\u00f6y Mobilya TV \u00dcnitesi<\/strong> se\u00e7enekleri aras\u0131nda en \u00e7ok tercih edilen modellerden biri olan Milas TV \u00dcnitesi, evinizin havas\u0131n\u0131 de\u011fi\u015ftirmek i\u00e7in ideal.<\/span><\/li>\n<\/ul>\n<h3><span style=\"color: #000000;\">\u00c7\u00f6z\u00fcm Mobilya ile Hemen \u0130leti\u015fime Ge\u00e7in!<\/span><\/h3>\n<p><span style=\"color: #000000;\"> <strong>Whatsapp Bilgi ve Sat\u0131\u015f Hatt\u0131<\/strong>: +90 537 776 53 83<\/span><br \/>\n<span style=\"color: #000000;\"> <strong>Teknik Destek Hatt\u0131<\/strong>: 0850 242 1135<\/span><br \/>\n<span style=\"color: #000000;\"> <strong>Adres<\/strong>: O\u011flananas\u0131 Atat\u00fcrk Mah. Saim \u00c7\u0131kr\u0131kc\u0131 Cad. No:25, 35479 K\u0131s\u0131kk\u00f6y Mobilya \u015eehri Menderes\/\u0130zmir<\/span><\/p>\n<p><span style=\"color: #000000;\"><strong>K\u0131s\u0131kk\u00f6y Mobilya \u015eehri\u2019nin<\/strong> en geni\u015f \u00fcr\u00fcn yelpazesine sahip ma\u011fazas\u0131ndan al\u0131\u015fveri\u015f yaparak, evinizin her k\u00f6\u015fesinde kaliteyi ve \u015f\u0131kl\u0131\u011f\u0131 ya\u015fay\u0131n. <strong>Milas TV \u00dcnitesi<\/strong> ile oturma odan\u0131z\u0131 modernize etmek i\u00e7in do\u011fru adres: <strong>\u00c7\u00f6z\u00fcm Mobilya<\/strong>!<\/span><\/p>\n","protected":false},"excerpt":{"rendered":"<p>Milas TV \u00dcnitesi ile Evinize Modern Dokunu\u015f! \u00c7\u00f6z\u00fcm Mobilya olarak K\u0131s\u0131kk\u00f6y Mobilya \u015eehri\u2019nin en b\u00fcy\u00fck ve en geni\u015f \u00fcr\u00fcn yelpazesine<\/p>\n","protected":false},"featured_media":5423,"comment_status":"open","ping_status":"closed","template":"","meta":[],"product_brand":[],"product_cat":[24],"product_tag":[],"class_list":{"0":"post-5422","1":"product","2":"type-product","3":"status-publish","4":"has-post-thumbnail","6":"product_cat-tv-uniteleri","8":"first","9":"instock","10":"taxable","11":"shipping-taxable","12":"product-type-simple"},"aioseo_notices":[],"_links":{"self":[{"href":"https:\/\/cozummobilya.com.tr\/de\/wp-json\/wp\/v2\/product\/5422","targetHints":{"allow":["GET"]}}],"collection":[{"href":"https:\/\/cozummobilya.com.tr\/de\/wp-json\/wp\/v2\/product"}],"about":[{"href":"https:\/\/cozummobilya.com.tr\/de\/wp-json\/wp\/v2\/types\/product"}],"replies":[{"embeddable":true,"href":"https:\/\/cozummobilya.com.tr\/de\/wp-json\/wp\/v2\/comments?post=5422"}],"version-history":[{"count":0,"href":"https:\/\/cozummobilya.com.tr\/de\/wp-json\/wp\/v2\/product\/5422\/revisions"}],"wp:featuredmedia":[{"embeddable":true,"href":"https:\/\/cozummobilya.com.tr\/de\/wp-json\/wp\/v2\/media\/5423"}],"wp:attachment":[{"href":"https:\/\/cozummobilya.com.tr\/de\/wp-json\/wp\/v2\/media?parent=5422"}],"wp:term":[{"taxonomy":"product_brand","embeddable":true,"href":"https:\/\/cozummobilya.com.tr\/de\/wp-json\/wp\/v2\/product_brand?post=5422"},{"taxonomy":"product_cat","embeddable":true,"href":"https:\/\/cozummobilya.com.tr\/de\/wp-json\/wp\/v2\/product_cat?post=5422"},{"taxonomy":"product_tag","embeddable":true,"href":"https:\/\/cozummobilya.com.tr\/de\/wp-json\/wp\/v2\/product_tag?post=5422"}],"curies":[{"name":"wp","href":"https:\/\/api.w.org\/{rel}","templated":true}]}}