{"id":5781,"date":"2025-02-24T13:52:41","date_gmt":"2025-02-24T13:52:41","guid":{"rendered":"https:\/\/cozummobilya.com.tr\/?post_type=product&#038;p=5781"},"modified":"2025-04-26T11:16:21","modified_gmt":"2025-04-26T11:16:21","slug":"largo-kose-takimi","status":"publish","type":"product","link":"https:\/\/cozummobilya.com.tr\/de\/largo-kose-takimi\/","title":{"rendered":"Largo &#8211; K\u00f6\u015fe Tak\u0131m\u0131"},"content":{"rendered":"<h2><span style=\"color: #000000;\">Largo K\u00f6\u015fe Tak\u0131m\u0131 ile Evinize Modern Konforu Ta\u015f\u0131y\u0131n!<\/span><\/h2>\n<p><span style=\"color: #000000;\"><strong>\u00c7\u00f6z\u00fcm Mobilya<\/strong>, <strong>K\u0131s\u0131kk\u00f6y Mobilya \u015eehri<\/strong>&#8217;nin en b\u00fcy\u00fck ve en kapsaml\u0131 ma\u011fazas\u0131 olarak, <strong>3 katl\u0131 ve 3.000 m\u00b2<\/strong> alanda hizmet veriyor. Geni\u015f \u00fcr\u00fcn yelpazemiz aras\u0131nda dikkat \u00e7ekenlerden biri olan <strong>Largo K\u00f6\u015fe Tak\u0131m\u0131<\/strong>, hem tasar\u0131m\u0131 hem de sa\u011flam yap\u0131s\u0131yla evinize \u015f\u0131kl\u0131k kat\u0131yor.<\/span><\/p>\n<h3><span style=\"color: #000000;\">Prag K\u00f6\u015fe Tak\u0131m\u0131\u2019n\u0131n \u00d6zellikleri<\/span><\/h3>\n<ul>\n<li><span style=\"color: #000000;\"><strong>Kaliteli ve Dayan\u0131kl\u0131 Malzeme<\/strong>: Uzun y\u0131llar kullan\u0131ma uygun \u015fekilde tasarlanan Prag K\u00f6\u015fe Tak\u0131m\u0131, dayan\u0131kl\u0131 yap\u0131s\u0131yla fark yarat\u0131r.<\/span><\/li>\n<li><span style=\"color: #000000;\"><strong>2 Y\u0131l Garanti<\/strong>: \u00c7\u00f6z\u00fcm Mobilya g\u00fcvencesiyle, \u00fcr\u00fcn\u00fcm\u00fcz 2 y\u0131l garanti kapsam\u0131ndad\u0131r.<\/span><\/li>\n<li><span style=\"color: #000000;\"><strong>Modern ve \u0130\u015flevsel Tasar\u0131m<\/strong>: Harika tasar\u0131m\u0131 sayesinde hem k\u00fc\u00e7\u00fck hem b\u00fcy\u00fck ya\u015fam alanlar\u0131na uyum sa\u011flar. Konforlu oturum alan\u0131 ile keyifli anlar sizi bekliyor.<\/span><\/li>\n<\/ul>\n<h3><span style=\"color: #000000;\">Avrupa\u2019ya Kap\u0131 Teslimat\u0131<\/span><\/h3>\n<p><span style=\"color: #000000;\">\u00c7\u00f6z\u00fcm Mobilya olarak yaln\u0131zca T\u00fcrkiye i\u00e7inde de\u011fil, <strong>t\u00fcm Avrupa \u00fclkelerine kap\u0131 teslimat\u0131<\/strong> yap\u0131yoruz. Evinizin konforunu s\u0131n\u0131rlar\u0131n \u00f6tesine ta\u015f\u0131yoruz!<\/span><\/p>\n<h3><span style=\"color: #000000;\">Neden \u00c7\u00f6z\u00fcm Mobilya?<\/span><\/h3>\n<ul>\n<li><span style=\"color: #000000;\"><strong>K\u0131s\u0131kk\u00f6y Mobilya \u015eehri<\/strong>&#8217;nin en b\u00fcy\u00fck ma\u011fazas\u0131<\/span><\/li>\n<li><span style=\"color: #000000;\"><strong>3 katl\u0131, 3.000 m\u00b2 alanda<\/strong> y\u00fczlerce farkl\u0131 mobilya se\u00e7ene\u011fi<\/span><\/li>\n<li><span style=\"color: #000000;\"><strong>K\u0131s\u0131kk\u00f6y Mobilya k\u00f6\u015fe tak\u0131m\u0131\u00a0<\/strong> ve di\u011fer \u00fcr\u00fcnlerle geni\u015f koleksiyon<\/span><\/li>\n<li><span style=\"color: #000000;\">Avrupa\u2019ya g\u00fcvenilir ve h\u0131zl\u0131 teslimat<\/span><\/li>\n<\/ul>\n<h3><span style=\"color: #000000;\">\u0130leti\u015fim Bilgileri<\/span><\/h3>\n<p><span style=\"color: #000000;\"> <strong>Whatsapp Bilgi ve Sat\u0131\u015f Hatt\u0131<\/strong>: +90 537 776 53 83<\/span><br \/>\n<span style=\"color: #000000;\"> <strong>Teknik Destek Hatt\u0131<\/strong>: 0850 242 1135<\/span><br \/>\n<span style=\"color: #000000;\"> <strong>Adres<\/strong>: O\u011flananas\u0131 Atat\u00fcrk Mah. Saim \u00c7\u0131kr\u0131kc\u0131 Cad. No:25, 35479 K\u0131s\u0131kk\u00f6y Mobilya \u015eehri Menderes\/\u0130zmir<\/span><\/p>\n<p><span style=\"color: #000000;\">Evinizin her k\u00f6\u015fesini g\u00fczelle\u015ftirmek i\u00e7in en do\u011fru adres <strong>\u00c7\u00f6z\u00fcm Mobilya<\/strong>! <strong>K\u0131s\u0131kk\u00f6y Mobilya<\/strong>\u2019n\u0131n lider ma\u011fazas\u0131na davetlisiniz!<\/span><\/p>\n","protected":false},"excerpt":{"rendered":"<p>Largo K\u00f6\u015fe Tak\u0131m\u0131 ile Evinize Modern Konforu Ta\u015f\u0131y\u0131n! \u00c7\u00f6z\u00fcm Mobilya, K\u0131s\u0131kk\u00f6y Mobilya \u015eehri&#8217;nin en b\u00fcy\u00fck ve en kapsaml\u0131 ma\u011fazas\u0131 olarak,<\/p>\n","protected":false},"featured_media":5787,"comment_status":"open","ping_status":"closed","template":"","meta":[],"product_brand":[],"product_cat":[147,23],"product_tag":[],"class_list":{"0":"post-5781","1":"product","2":"type-product","3":"status-publish","4":"has-post-thumbnail","6":"product_cat-kose-koltuk","7":"product_cat-koltuk-takimlari","9":"first","10":"instock","11":"taxable","12":"shipping-taxable","13":"product-type-simple"},"aioseo_notices":[],"_links":{"self":[{"href":"https:\/\/cozummobilya.com.tr\/de\/wp-json\/wp\/v2\/product\/5781","targetHints":{"allow":["GET"]}}],"collection":[{"href":"https:\/\/cozummobilya.com.tr\/de\/wp-json\/wp\/v2\/product"}],"about":[{"href":"https:\/\/cozummobilya.com.tr\/de\/wp-json\/wp\/v2\/types\/product"}],"replies":[{"embeddable":true,"href":"https:\/\/cozummobilya.com.tr\/de\/wp-json\/wp\/v2\/comments?post=5781"}],"version-history":[{"count":0,"href":"https:\/\/cozummobilya.com.tr\/de\/wp-json\/wp\/v2\/product\/5781\/revisions"}],"wp:featuredmedia":[{"embeddable":true,"href":"https:\/\/cozummobilya.com.tr\/de\/wp-json\/wp\/v2\/media\/5787"}],"wp:attachment":[{"href":"https:\/\/cozummobilya.com.tr\/de\/wp-json\/wp\/v2\/media?parent=5781"}],"wp:term":[{"taxonomy":"product_brand","embeddable":true,"href":"https:\/\/cozummobilya.com.tr\/de\/wp-json\/wp\/v2\/product_brand?post=5781"},{"taxonomy":"product_cat","embeddable":true,"href":"https:\/\/cozummobilya.com.tr\/de\/wp-json\/wp\/v2\/product_cat?post=5781"},{"taxonomy":"product_tag","embeddable":true,"href":"https:\/\/cozummobilya.com.tr\/de\/wp-json\/wp\/v2\/product_tag?post=5781"}],"curies":[{"name":"wp","href":"https:\/\/api.w.org\/{rel}","templated":true}]}}