{"id":5950,"date":"2025-03-11T10:04:02","date_gmt":"2025-03-11T10:04:02","guid":{"rendered":"https:\/\/cozummobilya.com.tr\/?post_type=product&#038;p=5950"},"modified":"2025-06-14T13:18:07","modified_gmt":"2025-06-14T13:18:07","slug":"yatak-odasi-takimi-lin","status":"publish","type":"product","link":"https:\/\/cozummobilya.com.tr\/de\/yatak-odasi-takimi-lin\/","title":{"rendered":"Yatak Odas\u0131 Tak\u0131m\u0131 &#8211; Lin"},"content":{"rendered":"<div>\n<h3><span style=\"color: #000000;\">Lin Yatak Odas\u0131 Tak\u0131m\u0131 &#8211; Modern Tasar\u0131m\u0131n Huzurlu Dokunu\u015fu<\/span><\/h3>\n<p class=\"break-words\"><span style=\"color: #000000;\">\u0130zmir\u2019in mobilya merkezi <strong>K\u0131s\u0131kk\u00f6y Mobilya \u015eehri<\/strong>\u2019nde yer alan <strong>\u00c7\u00f6z\u00fcm Mobilya<\/strong>, b\u00f6lgenin en b\u00fcy\u00fck ma\u011fazas\u0131 olarak 3.000 m\u00b2\u2019lik 3 katl\u0131 showroom\u2019unda sizlere hizmet sunuyor. \u015e\u0131k ve modern tasar\u0131m\u0131yla dikkat \u00e7eken <strong>Lin Yatak Odas\u0131 Tak\u0131m\u0131<\/strong>, yatak odan\u0131za hem estetik hem de huzur kat\u0131yor.<\/span><\/p>\n<table>\n<thead>\n<tr>\n<th><span style=\"color: #000000;\"><strong>\u00dcr\u00fcn Ad\u0131<\/strong><\/span><\/th>\n<th><span style=\"color: #000000;\"><strong>Geni\u015flik (cm)<\/strong><\/span><\/th>\n<th><span style=\"color: #000000;\"><strong>Derinlik (cm)<\/strong><\/span><\/th>\n<th><span style=\"color: #000000;\"><strong>Y\u00fckseklik (cm)<\/strong><\/span><\/th>\n<\/tr>\n<\/thead>\n<tbody>\n<tr>\n<td><span style=\"color: #000000;\">L\u0130N 2 Kapakl\u0131 Dolap<\/span><\/td>\n<td><span style=\"color: #000000;\">83<\/span><\/td>\n<td><span style=\"color: #000000;\">61<\/span><\/td>\n<td><span style=\"color: #000000;\">218<\/span><\/td>\n<\/tr>\n<tr>\n<td><span style=\"color: #000000;\">L\u0130N 3 Kapakl\u0131 Dolap<\/span><\/td>\n<td><span style=\"color: #000000;\">125<\/span><\/td>\n<td><span style=\"color: #000000;\">61<\/span><\/td>\n<td><span style=\"color: #000000;\">218<\/span><\/td>\n<\/tr>\n<tr>\n<td><span style=\"color: #000000;\">L\u0130N 4 Kapakl\u0131 Dolap<\/span><\/td>\n<td><span style=\"color: #000000;\">166<\/span><\/td>\n<td><span style=\"color: #000000;\">61<\/span><\/td>\n<td><span style=\"color: #000000;\">218<\/span><\/td>\n<\/tr>\n<tr>\n<td><span style=\"color: #000000;\">L\u0130N Bazal\u0131 Karyola<\/span><\/td>\n<td><span style=\"color: #000000;\">167<\/span><\/td>\n<td><span style=\"color: #000000;\">214<\/span><\/td>\n<td><span style=\"color: #000000;\">118<\/span><\/td>\n<\/tr>\n<tr>\n<td><span style=\"color: #000000;\">L\u0130N Bazas\u0131z Karyola<\/span><\/td>\n<td><span style=\"color: #000000;\">167<\/span><\/td>\n<td><span style=\"color: #000000;\">214<\/span><\/td>\n<td><span style=\"color: #000000;\">118<\/span><\/td>\n<\/tr>\n<tr>\n<td><span style=\"color: #000000;\">L\u0130N \u015eifonyer<\/span><\/td>\n<td><span style=\"color: #000000;\">110<\/span><\/td>\n<td><span style=\"color: #000000;\">48<\/span><\/td>\n<td><span style=\"color: #000000;\">90<\/span><\/td>\n<\/tr>\n<tr>\n<td><span style=\"color: #000000;\">L\u0130N \u015eifonyer Aynas\u0131<\/span><\/td>\n<td><span style=\"color: #000000;\">60<\/span><\/td>\n<td><span style=\"color: #000000;\">\/<\/span><\/td>\n<td><span style=\"color: #000000;\">60<\/span><\/td>\n<\/tr>\n<tr>\n<td><span style=\"color: #000000;\">L\u0130N Komodin<\/span><\/td>\n<td><span style=\"color: #000000;\">40<\/span><\/td>\n<td><span style=\"color: #000000;\">48<\/span><\/td>\n<td><span style=\"color: #000000;\">60<\/span><\/td>\n<\/tr>\n<tr>\n<td><span style=\"color: #000000;\">L\u0130N Makyaj Masas\u0131<\/span><\/td>\n<td><span style=\"color: #000000;\">70<\/span><\/td>\n<td><span style=\"color: #000000;\">48<\/span><\/td>\n<td><span style=\"color: #000000;\">112<\/span><\/td>\n<\/tr>\n<tr>\n<td><span style=\"color: #000000;\">L\u0130N Puf<\/span><\/td>\n<td><span style=\"color: #000000;\">47<\/span><\/td>\n<td><span style=\"color: #000000;\">38<\/span><\/td>\n<td><span style=\"color: #000000;\">45<\/span><\/td>\n<\/tr>\n<tr>\n<td><span style=\"color: #000000;\">L\u0130N \u00c7ama\u015f\u0131rl\u0131k<\/span><\/td>\n<td><span style=\"color: #000000;\">55<\/span><\/td>\n<td><span style=\"color: #000000;\">48<\/span><\/td>\n<td><span style=\"color: #000000;\">112<\/span><\/td>\n<\/tr>\n<\/tbody>\n<\/table>\n<h4><span style=\"color: #000000;\">Lin Yatak Odas\u0131 Tak\u0131m\u0131n\u0131n \u00d6zellikleri<\/span><\/h4>\n<p class=\"break-words\"><span style=\"color: #000000;\">Lin Yatak Odas\u0131 Tak\u0131m\u0131, sade ama zarif \u00e7izgileriyle modern ya\u015fam alanlar\u0131na uyum sa\u011fl\u0131yor. Geni\u015f depolama alan\u0131na sahip gard\u0131rop, konforlu yatak ba\u015fl\u0131\u011f\u0131 ve \u015f\u0131k komodinleriyle hem i\u015flevsel hem de g\u00f6z al\u0131c\u0131 bir se\u00e7enektir. <strong>T\u00fcm mobilyalar\u0131m\u0131z gibi garantili<\/strong> olan bu \u00fcr\u00fcn, \u00c7\u00f6z\u00fcm Mobilya g\u00fcvencesiyle sizlere ula\u015f\u0131yor. \u00dcstelik <strong>sevkiyat ve kurulum \u00fccretsiz<\/strong>! \u0130ster \u0130zmir\u2019de ister Avrupa\u2019n\u0131n herhangi bir \u00fclkesinde olun, kap\u0131n\u0131za kadar teslimat hizmetimizle yan\u0131n\u0131zday\u0131z.<\/span><\/p>\n<h4><span style=\"color: #000000;\">\u00c7\u00f6z\u00fcm Mobilya ile Ayr\u0131cal\u0131kl\u0131 Al\u0131\u015fveri\u015f<\/span><\/h4>\n<ul class=\"marker:text-secondary\">\n<li class=\"break-words\"><span style=\"color: #000000;\"><strong>K\u0131s\u0131kk\u00f6y Mobilya Ma\u011fazalar\u0131<\/strong> aras\u0131nda lider konumda olan 3 katl\u0131 ma\u011fazam\u0131z, asans\u00f6r kolayl\u0131\u011f\u0131 ile konforlu bir deneyim sunar.<\/span><\/li>\n<li class=\"break-words\"><span style=\"color: #000000;\">3.000 m\u00b2\u2019lik geni\u015f alanda y\u00fczlerce mobilya se\u00e7ene\u011fi.<\/span><\/li>\n<li class=\"break-words\"><span style=\"color: #000000;\">Avrupa\u2019ya kap\u0131ya kadar teslimat avantaj\u0131.<\/span><\/li>\n<li class=\"break-words\"><span style=\"color: #000000;\">Kaliteli ve garantili \u00fcr\u00fcnler.<\/span><\/li>\n<\/ul>\n<h4><span style=\"color: #000000;\">K\u0131s\u0131kk\u00f6y Mobilya \u015eehri\u2019nin Modern Se\u00e7imi<\/span><\/h4>\n<p class=\"break-words\"><span style=\"color: #000000;\">\u0130zmir <strong>K\u0131s\u0131kk\u00f6y Mobilya<\/strong> b\u00f6lgesinde mobilya al\u0131\u015fveri\u015finin \u00f6nde gelen adreslerinden \u00c7\u00f6z\u00fcm Mobilya, Lin Yatak Odas\u0131 Tak\u0131m\u0131 ile yatak odalar\u0131n\u0131za yenilik getiriyor. Minimalist tasar\u0131m\u0131 ve kullan\u0131\u015fl\u0131 yap\u0131s\u0131yla bu tak\u0131m, modern ya\u015fam tarz\u0131na sahip olanlar i\u00e7in ideal bir tercih.<\/span><\/p>\n<h4><span style=\"color: #000000;\">Lin Yatak Odas\u0131 Tak\u0131m\u0131 ile Konforu Yakalay\u0131n<\/span><\/h4>\n<p class=\"break-words\"><span style=\"color: #000000;\">Yatak odan\u0131zda sade ama \u015f\u0131k bir atmosfer yaratmak istiyorsan\u0131z, Lin Yatak Odas\u0131 Tak\u0131m\u0131 tam size g\u00f6re. <strong>K\u0131s\u0131kk\u00f6y Mobilya Ma\u011fazalar\u0131<\/strong> aras\u0131nda fark yaratan hizmet anlay\u0131\u015f\u0131m\u0131zla, mobilya al\u0131\u015fveri\u015finizi kolayla\u015ft\u0131r\u0131yoruz. \u00dccretsiz sevkiyat ve kurulum hizmetimiz sayesinde, se\u00e7iminizi yapt\u0131ktan sonra her \u015feyi bize b\u0131rakabilirsiniz.<\/span><\/p>\n<h4><span style=\"color: #000000;\">Bize Ula\u015f\u0131n<\/span><\/h4>\n<p class=\"break-words\"><span style=\"color: #000000;\"><strong>K\u0131s\u0131kk\u00f6y Mobilya \u015eehri<\/strong>\u2019nde bulunan ma\u011fazam\u0131z\u0131 ziyaret ederek Lin Yatak Odas\u0131 Tak\u0131m\u0131\u2019n\u0131 yak\u0131ndan inceleyebilir veya bizimle ileti\u015fime ge\u00e7ebilirsiniz. Avrupa\u2019n\u0131n her noktas\u0131na ula\u015fan teslimat a\u011f\u0131m\u0131zla, modern tasar\u0131m\u0131 kap\u0131n\u0131za kadar getiriyoruz!<\/span><\/p>\n<ul class=\"marker:text-secondary\">\n<li class=\"break-words\"><span style=\"color: #000000;\"><strong>Adres:<\/strong> O\u011flananas\u0131 Atat\u00fcrk Mah. Saim \u00c7\u0131kr\u0131kc\u0131 Cad. No:25, 35479 K\u0131s\u0131kk\u00f6y Mobilya \u015eehri Menderes\/\u0130zmir<\/span><\/li>\n<li class=\"break-words\"><span style=\"color: #000000;\"><strong>Whatsapp Bilgi ve Sat\u0131\u015f Hatt\u0131:<\/strong> 0537 776 53 83<\/span><\/li>\n<li class=\"break-words\"><span style=\"color: #000000;\"><strong>M\u00fc\u015fteri Hizmetleri:<\/strong> 0850 242 1135<\/span><\/li>\n<\/ul>\n<\/div>\n","protected":false},"excerpt":{"rendered":"<p>Lin Yatak Odas\u0131 Tak\u0131m\u0131 &#8211; Modern Tasar\u0131m\u0131n Huzurlu Dokunu\u015fu \u0130zmir\u2019in mobilya merkezi K\u0131s\u0131kk\u00f6y Mobilya \u015eehri\u2019nde yer alan \u00c7\u00f6z\u00fcm Mobilya, b\u00f6lgenin<\/p>\n","protected":false},"featured_media":5951,"comment_status":"closed","ping_status":"closed","template":"","meta":[],"product_brand":[],"product_cat":[138,22],"product_tag":[],"class_list":{"0":"post-5950","1":"product","2":"type-product","3":"status-publish","4":"has-post-thumbnail","6":"product_cat-outlet-mobilyalar","7":"product_cat-yatak-odasi-takimlari","9":"first","10":"instock","11":"taxable","12":"shipping-taxable","13":"product-type-simple"},"aioseo_notices":[],"_links":{"self":[{"href":"https:\/\/cozummobilya.com.tr\/de\/wp-json\/wp\/v2\/product\/5950","targetHints":{"allow":["GET"]}}],"collection":[{"href":"https:\/\/cozummobilya.com.tr\/de\/wp-json\/wp\/v2\/product"}],"about":[{"href":"https:\/\/cozummobilya.com.tr\/de\/wp-json\/wp\/v2\/types\/product"}],"replies":[{"embeddable":true,"href":"https:\/\/cozummobilya.com.tr\/de\/wp-json\/wp\/v2\/comments?post=5950"}],"version-history":[{"count":0,"href":"https:\/\/cozummobilya.com.tr\/de\/wp-json\/wp\/v2\/product\/5950\/revisions"}],"wp:featuredmedia":[{"embeddable":true,"href":"https:\/\/cozummobilya.com.tr\/de\/wp-json\/wp\/v2\/media\/5951"}],"wp:attachment":[{"href":"https:\/\/cozummobilya.com.tr\/de\/wp-json\/wp\/v2\/media?parent=5950"}],"wp:term":[{"taxonomy":"product_brand","embeddable":true,"href":"https:\/\/cozummobilya.com.tr\/de\/wp-json\/wp\/v2\/product_brand?post=5950"},{"taxonomy":"product_cat","embeddable":true,"href":"https:\/\/cozummobilya.com.tr\/de\/wp-json\/wp\/v2\/product_cat?post=5950"},{"taxonomy":"product_tag","embeddable":true,"href":"https:\/\/cozummobilya.com.tr\/de\/wp-json\/wp\/v2\/product_tag?post=5950"}],"curies":[{"name":"wp","href":"https:\/\/api.w.org\/{rel}","templated":true}]}}