{"id":6071,"date":"2025-03-17T14:08:27","date_gmt":"2025-03-17T14:08:27","guid":{"rendered":"https:\/\/cozummobilya.com.tr\/?post_type=product&#038;p=6071"},"modified":"2025-05-30T10:39:38","modified_gmt":"2025-05-30T10:39:38","slug":"kumsal-yatak-odasi-takimi","status":"publish","type":"product","link":"https:\/\/cozummobilya.com.tr\/de\/kumsal-yatak-odasi-takimi\/","title":{"rendered":"Yatak Odas\u0131 Tak\u0131m\u0131 &#8211; Kumsal"},"content":{"rendered":"<h3><span style=\"color: #000000;\">Kumsal Yatak Odas\u0131 Tak\u0131m\u0131 ile \u015e\u0131kl\u0131\u011f\u0131 ve Konforu Ya\u015fay\u0131n<\/span><\/h3>\n<p class=\"break-words\"><span style=\"color: #000000;\">Evinizin en \u00f6zel k\u00f6\u015fesi olan yatak odan\u0131z\u0131, <strong>Kumsal Yatak Odas\u0131 Tak\u0131m\u0131<\/strong> ile yeniden tasarlay\u0131n! \u00c7\u00f6z\u00fcm Mobilya olarak, \u0130zmir\u2019in mobilya merkezi <strong>K\u0131s\u0131kk\u00f6y Mobilya \u015eehri<\/strong>\u2019nde yer alan 3.000 m\u00b2\u2019lik 3 katl\u0131 dev ma\u011fazam\u0131zda, en \u015f\u0131k ve kaliteli mobilya se\u00e7eneklerini sizlere sunuyoruz. Kumsal Yatak Odas\u0131 Tak\u0131m\u0131, zarif gold detaylar\u0131 ile modern tasar\u0131m\u0131 bir araya getirerek yatak odan\u0131za l\u00fcks bir dokunu\u015f kat\u0131yor.<\/span><\/p>\n<p><span style=\"color: #000000;\"><strong>\u00dcr\u00fcn \u00d6l\u00e7\u00fcleri<\/strong><\/span><\/p>\n<ul>\n<li><span style=\"color: #000000;\">1 Kapakl\u0131 Dolap Geni\u015flik:47cm, Y\u00fckseklik:218cm, Derinlik:62cm,<\/span><\/li>\n<li><span style=\"color: #000000;\">2 Kapakl\u0131 Dolap Geni\u015flik:91cm, Y\u00fckseklik:218cm, Derinlik:62cm,<\/span><\/li>\n<li><span style=\"color: #000000;\">3 Kapakl\u0131 Dolap Geni\u015flik:131cm, Y\u00fckseklik:213cm, Derinlik:56cm,<\/span><\/li>\n<li><span style=\"color: #000000;\">Karyola Geni\u015flik:208cm, Y\u00fckseklik:149cm, Derinlik:217cm,<\/span><\/li>\n<li><span style=\"color: #000000;\">\u015eifonyer Geni\u015flik:146cm, Y\u00fckseklik:173cm, Derinlik:46cm,<\/span><\/li>\n<li><span style=\"color: #000000;\">Komodin Geni\u015flik:69cm, Y\u00fckseklik:140cm, Derinlik:46cm,<\/span><\/li>\n<li><span style=\"color: #000000;\">\u00c7ama\u015f\u0131rl\u0131k Geni\u015flik:69cm, Y\u00fckseklik:103cm, Derinlik:44cm<\/span><\/li>\n<\/ul>\n<h4><span style=\"color: #000000;\">Kumsal Yatak Odas\u0131 Tak\u0131m\u0131\u2019n\u0131n \u00d6ne \u00c7\u0131kan \u00d6zellikleri<\/span><\/h4>\n<ul class=\"marker:text-secondary\">\n<li class=\"break-words\"><span style=\"color: #000000;\"><strong>Elegan Tasar\u0131m:<\/strong> Gold detaylarla zenginle\u015ftirilmi\u015f modern \u00e7izgiler, yatak odan\u0131za sofistike bir hava kat\u0131yor.<\/span><\/li>\n<li class=\"break-words\"><span style=\"color: #000000;\"><strong>Dayan\u0131kl\u0131l\u0131k ve Garanti:<\/strong> T\u00fcm mobilyalar\u0131m\u0131zda oldu\u011fu gibi, Kumsal Yatak Odas\u0131 Tak\u0131m\u0131 da uzun \u00f6m\u00fcrl\u00fc kullan\u0131m i\u00e7in garanti kapsam\u0131ndad\u0131r.<\/span><\/li>\n<li class=\"break-words\"><span style=\"color: #000000;\"><strong>\u00dccretsiz Sevkiyat ve Kurulum:<\/strong> \u00c7\u00f6z\u00fcm Mobilya fark\u0131yla, sat\u0131n ald\u0131\u011f\u0131n\u0131z \u00fcr\u00fcnleri adresinize \u00fccretsiz teslim ediyor ve kurulumunu ger\u00e7ekle\u015ftiriyoruz.<\/span><\/li>\n<li class=\"break-words\"><span style=\"color: #000000;\"><strong>Avrupa\u2019ya Teslimat:<\/strong> K\u0131s\u0131kk\u00f6y Mobilya ma\u011fazalar\u0131 aras\u0131nda fark yaratan hizmetlerimizle, t\u00fcm Avrupa \u00fclkelerine kap\u0131ya kadar teslimat sa\u011fl\u0131yoruz.<\/span><\/li>\n<\/ul>\n<h4><span style=\"color: #000000;\">Neden \u00c7\u00f6z\u00fcm Mobilya\u2019y\u0131 Tercih Etmelisiniz?<\/span><\/h4>\n<p class=\"break-words\"><span style=\"color: #000000;\">\u0130zmir <strong>K\u0131s\u0131kk\u00f6y Mobilya<\/strong> b\u00f6lgesinin en b\u00fcy\u00fck ma\u011fazas\u0131 olarak, 3 katl\u0131 geni\u015f showroomumuzda her zevke hitap eden mobilya se\u00e7enekleri sunuyoruz. Ma\u011fazam\u0131zda bulunan asans\u00f6r sayesinde al\u0131\u015fveri\u015finiz daha konforlu ve keyifli hale geliyor. Kumsal Yatak Odas\u0131 Tak\u0131m\u0131\u2019n\u0131 yak\u0131ndan incelemek i\u00e7in sizleri <strong>K\u0131s\u0131kk\u00f6y Mobilya \u015eehri<\/strong>\u2019ndeki ma\u011fazam\u0131za bekliyoruz.<\/span><\/p>\n<h4><span style=\"color: #000000;\">\u0130leti\u015fim ve Sipari\u015f<\/span><\/h4>\n<p class=\"break-words\"><span style=\"color: #000000;\">Kumsal Yatak Odas\u0131 Tak\u0131m\u0131 hakk\u0131nda daha fazla bilgi almak veya sipari\u015f vermek i\u00e7in bizimle ileti\u015fime ge\u00e7ebilirsiniz:<\/span><\/p>\n<ul class=\"marker:text-secondary\">\n<li class=\"break-words\"><span style=\"color: #000000;\"><strong>Whatsapp Bilgi ve Sat\u0131\u015f Hatt\u0131:<\/strong> 0537 776 53 83 &amp; 0850 242 11 35<\/span><\/li>\n<li class=\"break-words\"><span style=\"color: #000000;\"><strong>M\u00fc\u015fteri Hizmetleri:<\/strong> 0850 242 11 35<\/span><\/li>\n<li class=\"break-words\"><span style=\"color: #000000;\"><strong>Adres:<\/strong> O\u011flananas\u0131 Atat\u00fcrk Mah. Saim \u00c7\u0131kr\u0131kc\u0131 Cad. No:25, 35479 K\u0131s\u0131kk\u00f6y Mobilya \u015eehri, Menderes\/\u0130zmir<\/span><\/li>\n<\/ul>\n<p class=\"break-words\"><span style=\"color: #000000;\"><strong>K\u0131s\u0131kk\u00f6y mobilya ma\u011fazalar\u0131<\/strong> aras\u0131nda \u00f6ne \u00e7\u0131kan \u00c7\u00f6z\u00fcm Mobilya, hayalinizdeki yatak odas\u0131n\u0131 ger\u00e7e\u011fe d\u00f6n\u00fc\u015ft\u00fcrmek i\u00e7in burada! Kumsal Yatak Odas\u0131 Tak\u0131m\u0131 ile hem \u015f\u0131kl\u0131\u011f\u0131 hem de konforu bir arada ya\u015fay\u0131n.<\/span><\/p>\n","protected":false},"excerpt":{"rendered":"<p>Kumsal Yatak Odas\u0131 Tak\u0131m\u0131 ile \u015e\u0131kl\u0131\u011f\u0131 ve Konforu Ya\u015fay\u0131n Evinizin en \u00f6zel k\u00f6\u015fesi olan yatak odan\u0131z\u0131, Kumsal Yatak Odas\u0131 Tak\u0131m\u0131<\/p>\n","protected":false},"featured_media":6072,"comment_status":"closed","ping_status":"closed","template":"","meta":[],"product_brand":[],"product_cat":[22],"product_tag":[],"class_list":{"0":"post-6071","1":"product","2":"type-product","3":"status-publish","4":"has-post-thumbnail","6":"product_cat-yatak-odasi-takimlari","8":"first","9":"instock","10":"taxable","11":"shipping-taxable","12":"product-type-simple"},"aioseo_notices":[],"_links":{"self":[{"href":"https:\/\/cozummobilya.com.tr\/de\/wp-json\/wp\/v2\/product\/6071","targetHints":{"allow":["GET"]}}],"collection":[{"href":"https:\/\/cozummobilya.com.tr\/de\/wp-json\/wp\/v2\/product"}],"about":[{"href":"https:\/\/cozummobilya.com.tr\/de\/wp-json\/wp\/v2\/types\/product"}],"replies":[{"embeddable":true,"href":"https:\/\/cozummobilya.com.tr\/de\/wp-json\/wp\/v2\/comments?post=6071"}],"version-history":[{"count":0,"href":"https:\/\/cozummobilya.com.tr\/de\/wp-json\/wp\/v2\/product\/6071\/revisions"}],"wp:featuredmedia":[{"embeddable":true,"href":"https:\/\/cozummobilya.com.tr\/de\/wp-json\/wp\/v2\/media\/6072"}],"wp:attachment":[{"href":"https:\/\/cozummobilya.com.tr\/de\/wp-json\/wp\/v2\/media?parent=6071"}],"wp:term":[{"taxonomy":"product_brand","embeddable":true,"href":"https:\/\/cozummobilya.com.tr\/de\/wp-json\/wp\/v2\/product_brand?post=6071"},{"taxonomy":"product_cat","embeddable":true,"href":"https:\/\/cozummobilya.com.tr\/de\/wp-json\/wp\/v2\/product_cat?post=6071"},{"taxonomy":"product_tag","embeddable":true,"href":"https:\/\/cozummobilya.com.tr\/de\/wp-json\/wp\/v2\/product_tag?post=6071"}],"curies":[{"name":"wp","href":"https:\/\/api.w.org\/{rel}","templated":true}]}}