{"id":6317,"date":"2025-04-21T08:25:50","date_gmt":"2025-04-21T08:25:50","guid":{"rendered":"https:\/\/cozummobilya.com.tr\/?post_type=product&#038;p=6317"},"modified":"2025-06-14T12:04:19","modified_gmt":"2025-06-14T12:04:19","slug":"koltuk-takimi-parma","status":"publish","type":"product","link":"https:\/\/cozummobilya.com.tr\/de\/koltuk-takimi-parma\/","title":{"rendered":"Koltuk Tak\u0131m\u0131 &#8211; Parma"},"content":{"rendered":"<h1><span style=\"color: #000000;\">Parma Koltuk Tak\u0131m\u0131<\/span><\/h1>\n<p><span style=\"color: #000000;\">\u00c7\u00f6z\u00fcm Mobilya\u2019n\u0131n K\u0131s\u0131kk\u00f6y Mobilya \u015eehri\u2019ndeki 3.000 m\u00b2\u2019lik 3 katl\u0131 ma\u011fazas\u0131nda sizleri bekleyen\u00a0<strong>Parma Koltuk Tak\u0131m\u0131<\/strong>, modern tasar\u0131m\u0131 ve konforuyla ya\u015fam alanlar\u0131n\u0131za \u015f\u0131kl\u0131k kat\u0131yor. \u0130zmir\u2019in en b\u00fcy\u00fck mobilya ma\u011fazas\u0131nda, asans\u00f6rl\u00fc showroomumuzda bu e\u015fsiz \u00fcr\u00fcn\u00fc yak\u0131ndan inceleyebilirsiniz.<\/span><\/p>\n<table>\n<thead>\n<tr>\n<th><span style=\"color: #000000;\"><strong>Mod\u00fcl<\/strong><\/span><\/th>\n<th><span style=\"color: #000000;\"><strong>Geni\u015flik (cm)<\/strong><\/span><\/th>\n<th><span style=\"color: #000000;\"><strong>Derinlik (cm)<\/strong><\/span><\/th>\n<th><span style=\"color: #000000;\"><strong>Y\u00fckseklik (cm)<\/strong><\/span><\/th>\n<\/tr>\n<\/thead>\n<tbody>\n<tr>\n<td><span style=\"color: #000000;\">\u00dc\u00e7l\u00fc Koltuk<\/span><\/td>\n<td><span style=\"color: #000000;\">226<\/span><\/td>\n<td><span style=\"color: #000000;\">100<\/span><\/td>\n<td><span style=\"color: #000000;\">75<\/span><\/td>\n<\/tr>\n<tr>\n<td><span style=\"color: #000000;\">Berjer<\/span><\/td>\n<td><span style=\"color: #000000;\">88<\/span><\/td>\n<td><span style=\"color: #000000;\">75<\/span><\/td>\n<td><span style=\"color: #000000;\">66<\/span><\/td>\n<\/tr>\n<\/tbody>\n<\/table>\n<h2><span style=\"color: #000000;\">Parma Koltuk Tak\u0131m\u0131 \u00d6zellikleri<\/span><\/h2>\n<ul>\n<li><span style=\"color: #000000;\"><strong>\u00dccretsiz Sevkiyat ve Kurulum:<\/strong>\u00a0T\u00fcrkiye\u2019nin her noktas\u0131na ve t\u00fcm Avrupa \u00fclkelerine kap\u0131ya kadar teslimat sa\u011fl\u0131yoruz. \u00dcstelik sevkiyat ve kurulum hizmetimiz tamamen \u00fccretsiz!<\/span><\/li>\n<li><span style=\"color: #000000;\"><strong>Garanti:<\/strong>\u00a0Parma Koltuk Tak\u0131m\u0131, \u00c7\u00f6z\u00fcm Mobilya g\u00fcvencesiyle sunulmaktad\u0131r. T\u00fcm mobilyalar\u0131m\u0131zda oldu\u011fu gibi bu \u00fcr\u00fcn de kapsaml\u0131 garantiyle korunmaktad\u0131r.<\/span><\/li>\n<li><span style=\"color: #000000;\"><strong>Kuma\u015f ve Renk Se\u00e7enekleri:<\/strong>\u00a0Zevkinize ve dekorasyonunuza uygun geni\u015f kuma\u015f ve renk se\u00e7enekleriyle Parma Koltuk Tak\u0131m\u0131\u2019n\u0131 ki\u015fiselle\u015ftirebilirsiniz. Dayan\u0131kl\u0131 ve kaliteli kuma\u015f alternatiflerimizle uzun y\u0131llar kullan\u0131m garantisi.<\/span><\/li>\n<li><span style=\"color: #000000;\"><strong>Konfor ve Tasar\u0131m:<\/strong>\u00a0Ergonomik yap\u0131s\u0131 ve modern \u00e7izgileriyle hem rahat hem de estetik bir oturma deneyimi sunar.<\/span><\/li>\n<\/ul>\n<h2><span style=\"color: #000000;\">Neden \u00c7\u00f6z\u00fcm Mobilya?<\/span><\/h2>\n<p><span style=\"color: #000000;\">K\u0131s\u0131kk\u00f6y Mobilya \u015eehri\u2019nde bulunan ma\u011fazam\u0131z, b\u00f6lgenin en b\u00fcy\u00fck mobilya merkezi olma unvan\u0131n\u0131 gururla ta\u015f\u0131yor. 3 katl\u0131 geni\u015f showroomumuzda, asans\u00f6r kolayl\u0131\u011f\u0131yla t\u00fcm \u00fcr\u00fcnlerimizi rahat\u00e7a gezebilirsiniz. \u00c7\u00f6z\u00fcm Mobilya olarak m\u00fc\u015fteri memnuniyetini \u00f6n planda tutuyor, kaliteli \u00fcr\u00fcnleri uygun fiyatlarla sunuyoruz.<\/span><\/p>\n<h2><span style=\"color: #000000;\">\u0130leti\u015fim ve Sipari\u015f<\/span><\/h2>\n<p><span style=\"color: #000000;\">Parma Koltuk Tak\u0131m\u0131\u2019n\u0131 hemen sipari\u015f vermek veya detayl\u0131 bilgi almak i\u00e7in bizimle ileti\u015fime ge\u00e7ebilirsiniz:<\/span><\/p>\n<ul>\n<li><span style=\"color: #000000;\"><strong>WhatsApp Bilgi ve Sat\u0131\u015f Hatt\u0131:<\/strong>\u00a0<a style=\"color: #000000;\" href=\"tel:+905377765383\">0537 776 53 83<\/a><\/span><\/li>\n<li><span style=\"color: #000000;\"><strong>M\u00fc\u015fteri Hizmetleri:<\/strong>\u00a0<a style=\"color: #000000;\" href=\"tel:+908502421135\">0850 242 1135<\/a><\/span><\/li>\n<li><span style=\"color: #000000;\"><strong>Adres:<\/strong>\u00a0O\u011flananas\u0131 Atat\u00fcrk Mah. Saim \u00c7\u0131kr\u0131kc\u0131 Cad. No:25, 35479 K\u0131s\u0131kk\u00f6y Mobilya \u015eehri Menderes\/\u0130zmir<\/span><\/li>\n<\/ul>\n<p><span style=\"color: #000000;\">K\u0131s\u0131kk\u00f6y mobilya ma\u011fazalar\u0131 aras\u0131nda lider konumda olan \u00c7\u00f6z\u00fcm Mobilya,\u00a0<strong>Parma Koltuk Tak\u0131m\u0131<\/strong>\u00a0ile evinize de\u011fer katmaya haz\u0131r. Hemen ileti\u015fime ge\u00e7in, hayalinizdeki konforu kap\u0131n\u0131za getirelim!<\/span><\/p>\n","protected":false},"excerpt":{"rendered":"<p>Parma Koltuk Tak\u0131m\u0131 \u00c7\u00f6z\u00fcm Mobilya\u2019n\u0131n K\u0131s\u0131kk\u00f6y Mobilya \u015eehri\u2019ndeki 3.000 m\u00b2\u2019lik 3 katl\u0131 ma\u011fazas\u0131nda sizleri bekleyen\u00a0Parma Koltuk Tak\u0131m\u0131, modern tasar\u0131m\u0131 ve<\/p>\n","protected":false},"featured_media":6318,"comment_status":"closed","ping_status":"closed","template":"","meta":[],"product_brand":[],"product_cat":[23],"product_tag":[],"class_list":{"0":"post-6317","1":"product","2":"type-product","3":"status-publish","4":"has-post-thumbnail","6":"product_cat-koltuk-takimlari","8":"first","9":"instock","10":"taxable","11":"shipping-taxable","12":"product-type-simple"},"aioseo_notices":[],"_links":{"self":[{"href":"https:\/\/cozummobilya.com.tr\/de\/wp-json\/wp\/v2\/product\/6317","targetHints":{"allow":["GET"]}}],"collection":[{"href":"https:\/\/cozummobilya.com.tr\/de\/wp-json\/wp\/v2\/product"}],"about":[{"href":"https:\/\/cozummobilya.com.tr\/de\/wp-json\/wp\/v2\/types\/product"}],"replies":[{"embeddable":true,"href":"https:\/\/cozummobilya.com.tr\/de\/wp-json\/wp\/v2\/comments?post=6317"}],"version-history":[{"count":0,"href":"https:\/\/cozummobilya.com.tr\/de\/wp-json\/wp\/v2\/product\/6317\/revisions"}],"wp:featuredmedia":[{"embeddable":true,"href":"https:\/\/cozummobilya.com.tr\/de\/wp-json\/wp\/v2\/media\/6318"}],"wp:attachment":[{"href":"https:\/\/cozummobilya.com.tr\/de\/wp-json\/wp\/v2\/media?parent=6317"}],"wp:term":[{"taxonomy":"product_brand","embeddable":true,"href":"https:\/\/cozummobilya.com.tr\/de\/wp-json\/wp\/v2\/product_brand?post=6317"},{"taxonomy":"product_cat","embeddable":true,"href":"https:\/\/cozummobilya.com.tr\/de\/wp-json\/wp\/v2\/product_cat?post=6317"},{"taxonomy":"product_tag","embeddable":true,"href":"https:\/\/cozummobilya.com.tr\/de\/wp-json\/wp\/v2\/product_tag?post=6317"}],"curies":[{"name":"wp","href":"https:\/\/api.w.org\/{rel}","templated":true}]}}